{"id":6313,"date":"2021-12-13T16:37:01","date_gmt":"2021-12-13T15:37:01","guid":{"rendered":"https:\/\/apollo-13.eu\/?page_id=6313"},"modified":"2022-03-25T14:52:43","modified_gmt":"2022-03-25T13:52:43","slug":"cosmic-kiss","status":"publish","type":"page","link":"https:\/\/apollo-13.eu\/en\/cosmic-kiss\/","title":{"rendered":"Cosmic Kiss &#8211; the mission of the Saarland ESA astronaut Matthias Maurer"},"content":{"rendered":"<p>&nbsp;<\/p>\n<p>Very close to the Weltaum-Atelier Nohfelden, in the neighboring community of Oberthal-Gronig, the current ESA astronaut Matthias Maurer was born. Many details about his work can be found here: <a href=\"https:\/\/www.esa.int\/Space_in_Member_States\/Germany\/Matthias_Maurer\" target=\"_blank\" rel=\"noopener\">Matthias Maurer at ESA<\/a><\/p>\n<p>Matthias Maurer was able to visit our space studio in Nohfelden several times before his launch to the ISS in 2021. Information about previous visits of M. Maurer is available on our <a href=\"https:\/\/apollo-13.eu\/en\/press-releases\/\" target=\"_blank\" rel=\"noopener\">press page!<\/a><\/p>\n<p style=\"text-align: justify;\">A major concern of the ESA astronaut is not only the sustainability of human activities but also the inclusion of sick or disadvantaged people. Some material science experiments on the ISS also serve basic medical research.<\/p>\n<p>On 23 May &#8211; shortly after Matthias Maurer&#8217;s birthday &#8211; he was able to carry out his first external mission on the ISS, which lasted almost 7 hours:<\/p>\n<div class=\"vlp-link-container vlp-layout-basic\"><a href=\"https:\/\/www.cieletespace.fr\/actualites\/la-premiere-sortie-dans-l-espace-de-matthias-maurer-photographiee-depuis-la-terre\" class=\"vlp-link\" title=\"La premi\u00e8re sortie dans l\u2019espace de Matthias Maurer photographi\u00e9e depuis la Terre\" rel=\"nofollow\" target=\"_blank\"><\/a><div class=\"vlp-layout-zone-side\"><div class=\"vlp-block-2 vlp-link-image\"><img decoding=\"async\" src=\"https:\/\/www.cieletespace.fr\/media\/default\/0001\/22\/eva80-1-623c.jpeg\" style=\"max-width: 150px; max-height: 150px\" \/><\/div><\/div><div class=\"vlp-layout-zone-main\"><div class=\"vlp-block-0 vlp-link-title\">La premi\u00e8re sortie dans l\u2019espace de Matthias Maurer photographi\u00e9e depuis la Terre<\/div><div class=\"vlp-block-1 vlp-link-summary\">Une nouvelle sortie extrav\u00e9hiculaire s\u2019est d\u00e9roul\u00e9e sur la station spatiale internationale le 23 mars 2022. Durant plus de six heures, l\u2019Allemand Matthias Maurer et l\u2019Am\u00e9ricain Raja Chari ont effectu\u00e9 des travaux de maintenance \u00e0 l\u2019ext\u00e9rieur de l\u2019ISS.<\/div><\/div><\/div>\n<p>&nbsp;<\/p>\n<p style=\"text-align: justify;\">Against this background, there was a live connection between the Space Studio Nohfelden, the KinderHerz Foundation, ESA, NASA, the German Museum in Munich, the Federal President&#8217;s Office and the ISS at an altitude of approx. 450km on 11.12.2021. Children were allowed to ask Matthias Maurer questions live.<\/p>\n<p style=\"text-align: justify;\">This event was a great technical challenge and we have put some picture impressions and a video summary below (which say much more than words \ud83d\ude09 )<\/p>\n<p style=\"text-align: justify;\">The following video shows a best-of of Matthias Maurer&#8217;s flight to the ISS, cut to the soundtrack of the mission &#8220;Cosmic Kiss&#8221; and composed by Sebastian Voltmer.<\/p>\n<div class=\"wonderplugin-video\" style=\"width:600px;height:400px;position:relative;background-color:#000;overflow:hidden;max-width:100%;margin:0 auto\" data-aspectratio=\"1.5\"><iframe loading=\"lazy\" class=\"wpve-iframe\" width=\"100%\" height=\"100%\" src=\"https:\/\/www.youtube.com\/embed\/tQYysJw7W_s\" frameborder=\"0\" allowfullscreen><\/iframe><\/div>\n<p>&nbsp;<\/p>\n<div class=\"wonderplugin-video\" style=\"width:600px;height:400px;position:relative;background-color:#000;overflow:hidden;max-width:100%;margin:0 auto\" data-aspectratio=\"1.5\"><iframe loading=\"lazy\" class=\"wpve-iframe\" width=\"100%\" height=\"100%\" src=\"https:\/\/www.youtube.com\/embed\/P5S7pT-JMao\" frameborder=\"0\" allowfullscreen><\/iframe><\/div>\n<p>&nbsp;<\/p>\n<div style=\"width: 720px;\" class=\"wp-video\"><video class=\"wp-video-shortcode\" id=\"video-6313-1\" width=\"720\" height=\"1280\" preload=\"metadata\" controls=\"controls\"><source type=\"video\/mp4\" src=\"https:\/\/apollo-13.eu\/wp-content\/uploads\/2021\/12\/zusammenschnitt3.mp4?_=1\" \/><a href=\"https:\/\/apollo-13.eu\/wp-content\/uploads\/2021\/12\/zusammenschnitt3.mp4\">https:\/\/apollo-13.eu\/wp-content\/uploads\/2021\/12\/zusammenschnitt3.mp4<\/a><\/video><\/div>\n<p>&nbsp;<\/p>\n<div style=\"width: 720px;\" class=\"wp-video\"><video class=\"wp-video-shortcode\" id=\"video-6313-2\" width=\"720\" height=\"1280\" preload=\"metadata\" controls=\"controls\"><source type=\"video\/mp4\" src=\"https:\/\/apollo-13.eu\/wp-content\/uploads\/2021\/12\/zusammenschnitt.mp4?_=2\" \/><a href=\"https:\/\/apollo-13.eu\/wp-content\/uploads\/2021\/12\/zusammenschnitt.mp4\">https:\/\/apollo-13.eu\/wp-content\/uploads\/2021\/12\/zusammenschnitt.mp4<\/a><\/video><\/div>\n<p>ngg_shortcode_0_placeholder&nbsp;<br \/>\n&nbsp;<\/p>\n","protected":false},"excerpt":{"rendered":"<p>&nbsp; Very close to the Weltaum-Atelier Nohfelden, in the neighboring community of Oberthal-Gronig, the current ESA astronaut Matthias Maurer was born. Many details about his work can be found here: Matthias Maurer at ESA Matthias Maurer was able to visit our space studio in Nohfelden several times before his launch to the ISS in 2021. Information about previous visits of<\/p>\n<p><a class=\"more-link\" href=\"https:\/\/apollo-13.eu\/en\/cosmic-kiss\/\">Read More<\/a><\/p>\n","protected":false},"author":2,"featured_media":7012,"parent":0,"menu_order":0,"comment_status":"closed","ping_status":"closed","template":"","meta":{"ngg_post_thumbnail":0,"footnotes":"","_links_to":"","_links_to_target":"","_wp_rev_ctl_limit":""},"categories":[],"tags":[],"class_list":["post-6313","page","type-page","status-publish","has-post-thumbnail","hentry"],"yoast_head":"<!-- This site is optimized with the Yoast SEO plugin v27.3 - https:\/\/yoast.com\/product\/yoast-seo-wordpress\/ -->\n<title>Matthias Maurer | Cosmic Kiss | ISS | ESA | Space-studio Nohfelden<\/title>\n<meta name=\"robots\" content=\"index, follow, max-snippet:-1, max-image-preview:large, max-video-preview:-1\" \/>\n<link rel=\"canonical\" href=\"https:\/\/apollo-13.eu\/en\/cosmic-kiss\/\" \/>\n<script type=\"application\/ld+json\" class=\"yoast-schema-graph\">{\"@context\":\"https:\\\/\\\/schema.org\",\"@graph\":[{\"@type\":\"WebPage\",\"@id\":\"https:\\\/\\\/apollo-13.eu\\\/en\\\/cosmic-kiss\\\/\",\"url\":\"https:\\\/\\\/apollo-13.eu\\\/en\\\/cosmic-kiss\\\/\",\"name\":\"Matthias Maurer | Cosmic Kiss | ISS | ESA | Space-studio Nohfelden\",\"isPartOf\":{\"@id\":\"https:\\\/\\\/apollo-13.eu\\\/en\\\/#website\"},\"primaryImageOfPage\":{\"@id\":\"https:\\\/\\\/apollo-13.eu\\\/en\\\/cosmic-kiss\\\/#primaryimage\"},\"image\":{\"@id\":\"https:\\\/\\\/apollo-13.eu\\\/en\\\/cosmic-kiss\\\/#primaryimage\"},\"thumbnailUrl\":\"https:\\\/\\\/apollo-13.eu\\\/wp-content\\\/uploads\\\/2022\\\/03\\\/maurer_iss_screenshot.jpg\",\"datePublished\":\"2021-12-13T15:37:01+00:00\",\"dateModified\":\"2022-03-25T13:52:43+00:00\",\"breadcrumb\":{\"@id\":\"https:\\\/\\\/apollo-13.eu\\\/en\\\/cosmic-kiss\\\/#breadcrumb\"},\"inLanguage\":\"en-US\",\"potentialAction\":[{\"@type\":\"ReadAction\",\"target\":[\"https:\\\/\\\/apollo-13.eu\\\/en\\\/cosmic-kiss\\\/\"]}]},{\"@type\":\"ImageObject\",\"inLanguage\":\"en-US\",\"@id\":\"https:\\\/\\\/apollo-13.eu\\\/en\\\/cosmic-kiss\\\/#primaryimage\",\"url\":\"https:\\\/\\\/apollo-13.eu\\\/wp-content\\\/uploads\\\/2022\\\/03\\\/maurer_iss_screenshot.jpg\",\"contentUrl\":\"https:\\\/\\\/apollo-13.eu\\\/wp-content\\\/uploads\\\/2022\\\/03\\\/maurer_iss_screenshot.jpg\",\"width\":1252,\"height\":692,\"caption\":\"Matthias Maurer at ISS\"},{\"@type\":\"BreadcrumbList\",\"@id\":\"https:\\\/\\\/apollo-13.eu\\\/en\\\/cosmic-kiss\\\/#breadcrumb\",\"itemListElement\":[{\"@type\":\"ListItem\",\"position\":1,\"name\":\"Home\",\"item\":\"https:\\\/\\\/apollo-13.eu\\\/en\\\/startseite_2019\\\/\"},{\"@type\":\"ListItem\",\"position\":2,\"name\":\"Cosmic Kiss &#8211; the mission of the Saarland ESA astronaut Matthias Maurer\"}]},{\"@type\":\"WebSite\",\"@id\":\"https:\\\/\\\/apollo-13.eu\\\/en\\\/#website\",\"url\":\"https:\\\/\\\/apollo-13.eu\\\/en\\\/\",\"name\":\"Weltraum-Atelier\",\"description\":\"Den Weltraum mit allen Sinnen erfassen\",\"potentialAction\":[{\"@type\":\"SearchAction\",\"target\":{\"@type\":\"EntryPoint\",\"urlTemplate\":\"https:\\\/\\\/apollo-13.eu\\\/en\\\/?s={search_term_string}\"},\"query-input\":{\"@type\":\"PropertyValueSpecification\",\"valueRequired\":true,\"valueName\":\"search_term_string\"}}],\"inLanguage\":\"en-US\"}]}<\/script>\n<!-- \/ Yoast SEO plugin. -->","yoast_head_json":{"title":"Matthias Maurer | Cosmic Kiss | ISS | ESA | Space-studio Nohfelden","robots":{"index":"index","follow":"follow","max-snippet":"max-snippet:-1","max-image-preview":"max-image-preview:large","max-video-preview":"max-video-preview:-1"},"canonical":"https:\/\/apollo-13.eu\/en\/cosmic-kiss\/","schema":{"@context":"https:\/\/schema.org","@graph":[{"@type":"WebPage","@id":"https:\/\/apollo-13.eu\/en\/cosmic-kiss\/","url":"https:\/\/apollo-13.eu\/en\/cosmic-kiss\/","name":"Matthias Maurer | Cosmic Kiss | ISS | ESA | Space-studio Nohfelden","isPartOf":{"@id":"https:\/\/apollo-13.eu\/en\/#website"},"primaryImageOfPage":{"@id":"https:\/\/apollo-13.eu\/en\/cosmic-kiss\/#primaryimage"},"image":{"@id":"https:\/\/apollo-13.eu\/en\/cosmic-kiss\/#primaryimage"},"thumbnailUrl":"https:\/\/apollo-13.eu\/wp-content\/uploads\/2022\/03\/maurer_iss_screenshot.jpg","datePublished":"2021-12-13T15:37:01+00:00","dateModified":"2022-03-25T13:52:43+00:00","breadcrumb":{"@id":"https:\/\/apollo-13.eu\/en\/cosmic-kiss\/#breadcrumb"},"inLanguage":"en-US","potentialAction":[{"@type":"ReadAction","target":["https:\/\/apollo-13.eu\/en\/cosmic-kiss\/"]}]},{"@type":"ImageObject","inLanguage":"en-US","@id":"https:\/\/apollo-13.eu\/en\/cosmic-kiss\/#primaryimage","url":"https:\/\/apollo-13.eu\/wp-content\/uploads\/2022\/03\/maurer_iss_screenshot.jpg","contentUrl":"https:\/\/apollo-13.eu\/wp-content\/uploads\/2022\/03\/maurer_iss_screenshot.jpg","width":1252,"height":692,"caption":"Matthias Maurer at ISS"},{"@type":"BreadcrumbList","@id":"https:\/\/apollo-13.eu\/en\/cosmic-kiss\/#breadcrumb","itemListElement":[{"@type":"ListItem","position":1,"name":"Home","item":"https:\/\/apollo-13.eu\/en\/startseite_2019\/"},{"@type":"ListItem","position":2,"name":"Cosmic Kiss &#8211; the mission of the Saarland ESA astronaut Matthias Maurer"}]},{"@type":"WebSite","@id":"https:\/\/apollo-13.eu\/en\/#website","url":"https:\/\/apollo-13.eu\/en\/","name":"Weltraum-Atelier","description":"Den Weltraum mit allen Sinnen erfassen","potentialAction":[{"@type":"SearchAction","target":{"@type":"EntryPoint","urlTemplate":"https:\/\/apollo-13.eu\/en\/?s={search_term_string}"},"query-input":{"@type":"PropertyValueSpecification","valueRequired":true,"valueName":"search_term_string"}}],"inLanguage":"en-US"}]}},"_links":{"self":[{"href":"https:\/\/apollo-13.eu\/en\/wp-json\/wp\/v2\/pages\/6313","targetHints":{"allow":["GET"]}}],"collection":[{"href":"https:\/\/apollo-13.eu\/en\/wp-json\/wp\/v2\/pages"}],"about":[{"href":"https:\/\/apollo-13.eu\/en\/wp-json\/wp\/v2\/types\/page"}],"author":[{"embeddable":true,"href":"https:\/\/apollo-13.eu\/en\/wp-json\/wp\/v2\/users\/2"}],"replies":[{"embeddable":true,"href":"https:\/\/apollo-13.eu\/en\/wp-json\/wp\/v2\/comments?post=6313"}],"version-history":[{"count":0,"href":"https:\/\/apollo-13.eu\/en\/wp-json\/wp\/v2\/pages\/6313\/revisions"}],"wp:featuredmedia":[{"embeddable":true,"href":"https:\/\/apollo-13.eu\/en\/wp-json\/wp\/v2\/media\/7012"}],"wp:attachment":[{"href":"https:\/\/apollo-13.eu\/en\/wp-json\/wp\/v2\/media?parent=6313"}],"wp:term":[{"taxonomy":"category","embeddable":true,"href":"https:\/\/apollo-13.eu\/en\/wp-json\/wp\/v2\/categories?post=6313"},{"taxonomy":"post_tag","embeddable":true,"href":"https:\/\/apollo-13.eu\/en\/wp-json\/wp\/v2\/tags?post=6313"}],"curies":[{"name":"wp","href":"https:\/\/api.w.org\/{rel}","templated":true}]}}