{"id":5447,"date":"2020-09-29T18:07:18","date_gmt":"2020-09-29T17:07:18","guid":{"rendered":"https:\/\/apollo-13.eu\/?page_id=5447"},"modified":"2024-01-03T14:29:38","modified_gmt":"2024-01-03T13:29:38","slug":"certificate-reisen-fur-alle-barrier-free","status":"publish","type":"page","link":"https:\/\/apollo-13.eu\/en\/certificate-reisen-fur-alle-barrier-free\/","title":{"rendered":"Certificate &#8220;Reisen f\u00fcr alle&#8221;. Barrier-free"},"content":{"rendered":"<h1>We are certified by &#8220;Reisen f\u00fcr alle&#8221;.<\/h1>\n<p>In September 2020 we successfully participated in the certification process &#8220;Travel for All&#8221; under the aspect of accessibility for visitors. It has been updated in August 2023.<\/p>\n<p>The advantage of this certification is that the accessibility has been independently verified, thus providing reliable information and details about the accessibility for our visitors.<\/p>\n<p><span style=\"text-decoration: underline;\">Please note:<\/span> Offerings for people with mobility or visual impairments only from April to September, as a farmhouse with stairs is used during the winter months. For all others all year round.<\/p>\n<p><img loading=\"lazy\" decoding=\"async\" class=\"alignnone size-full wp-image-5441\" src=\"https:\/\/apollo-13.eu\/wp-content\/uploads\/2020\/09\/barrierefrei_weltraum-atelier_nohfelden.png\" alt=\"\" width=\"733\" height=\"394\" srcset=\"https:\/\/apollo-13.eu\/wp-content\/uploads\/2020\/09\/barrierefrei_weltraum-atelier_nohfelden.png 733w, https:\/\/apollo-13.eu\/wp-content\/uploads\/2020\/09\/barrierefrei_weltraum-atelier_nohfelden-300x161.png 300w\" sizes=\"auto, (max-width: 733px) 100vw, 733px\" \/><\/p>\n<p>Our certificate (German): <a href=\"https:\/\/apollo-13.eu\/wp-content\/uploads\/2024\/01\/certificate-1.pdf\">Zertifikat_Barrierefrei<\/a><\/p>\n<p><strong>If you would like to read the exact instructions, please click on the following link. This will open the page of &#8220;Reisen f\u00fcr alle&#8221; with our offer (in German language):<br \/>\n<\/strong><\/p>\n<div class=\"vlp-link-container vlp-layout-basic\"><a href=\"https:\/\/www.reisen-fuer-alle.de\/weltraumatelier_nohfelden_249.html?action=detail&amp;item_id=2777\" class=\"vlp-link\" title=\"Reisen f\u00fcr Alle - Weltraumatelier Nohfelden\" rel=\"nofollow\" target=\"_blank\"><\/a><div class=\"vlp-layout-zone-side\"><div class=\"vlp-block-2 vlp-link-image\"><img loading=\"lazy\" decoding=\"async\" style=\"max-width: 135px;\" width=\"135\" height=\"48\" src=\"https:\/\/apollo-13.eu\/wp-content\/uploads\/2020\/09\/Logo_barrierefreiheit_quer_RGB_48px_HG-weiss-01.png\" class=\"attachment-150x999 size-150x999\" alt=\"\" \/><\/div><\/div><div class=\"vlp-layout-zone-main\"><div class=\"vlp-block-0 vlp-link-title\">Reisen f\u00fcr Alle - Weltraumatelier Nohfelden<\/div><div class=\"vlp-block-1 vlp-link-summary\">Auf der Website Reisen f\u00fcr Alle finden Senioren, Rollstuhlfahrer und Familien passende Angebote f\u00fcr Urlaub, Reisen, Freizeit und Ausfl\u00fcge.<\/div><\/div><\/div>\n","protected":false},"excerpt":{"rendered":"<p>We are certified by &#8220;Reisen f\u00fcr alle&#8221;. In September 2020 we successfully participated in the certification process &#8220;Travel for All&#8221; under the aspect of accessibility for visitors. It has been updated in August 2023. The advantage of this certification is that the accessibility has been independently verified, thus providing reliable information and details about the accessibility for our visitors. Please<\/p>\n<p><a class=\"more-link\" href=\"https:\/\/apollo-13.eu\/en\/certificate-reisen-fur-alle-barrier-free\/\">Read More<\/a><\/p>\n","protected":false},"author":2,"featured_media":0,"parent":0,"menu_order":0,"comment_status":"closed","ping_status":"closed","template":"","meta":{"ngg_post_thumbnail":0,"footnotes":"","_links_to":"","_links_to_target":"","_wp_rev_ctl_limit":""},"categories":[],"tags":[],"class_list":["post-5447","page","type-page","status-publish","hentry"],"yoast_head":"<!-- This site is optimized with the Yoast SEO plugin v27.3 - https:\/\/yoast.com\/product\/yoast-seo-wordpress\/ -->\n<title>Certificate &quot;Reisen f\u00fcr alle&quot;. Barrier-free - Weltraum-Atelier<\/title>\n<meta name=\"robots\" content=\"index, follow, max-snippet:-1, max-image-preview:large, max-video-preview:-1\" \/>\n<link rel=\"canonical\" href=\"https:\/\/apollo-13.eu\/en\/certificate-reisen-fur-alle-barrier-free\/\" \/>\n<script type=\"application\/ld+json\" class=\"yoast-schema-graph\">{\"@context\":\"https:\\\/\\\/schema.org\",\"@graph\":[{\"@type\":\"WebPage\",\"@id\":\"https:\\\/\\\/apollo-13.eu\\\/en\\\/certificate-reisen-fur-alle-barrier-free\\\/\",\"url\":\"https:\\\/\\\/apollo-13.eu\\\/en\\\/certificate-reisen-fur-alle-barrier-free\\\/\",\"name\":\"Certificate \\\"Reisen f\u00fcr alle\\\". Barrier-free - Weltraum-Atelier\",\"isPartOf\":{\"@id\":\"https:\\\/\\\/apollo-13.eu\\\/en\\\/#website\"},\"primaryImageOfPage\":{\"@id\":\"https:\\\/\\\/apollo-13.eu\\\/en\\\/certificate-reisen-fur-alle-barrier-free\\\/#primaryimage\"},\"image\":{\"@id\":\"https:\\\/\\\/apollo-13.eu\\\/en\\\/certificate-reisen-fur-alle-barrier-free\\\/#primaryimage\"},\"thumbnailUrl\":\"https:\\\/\\\/apollo-13.eu\\\/wp-content\\\/uploads\\\/2020\\\/09\\\/barrierefrei_weltraum-atelier_nohfelden.png\",\"datePublished\":\"2020-09-29T17:07:18+00:00\",\"dateModified\":\"2024-01-03T13:29:38+00:00\",\"breadcrumb\":{\"@id\":\"https:\\\/\\\/apollo-13.eu\\\/en\\\/certificate-reisen-fur-alle-barrier-free\\\/#breadcrumb\"},\"inLanguage\":\"en-US\",\"potentialAction\":[{\"@type\":\"ReadAction\",\"target\":[\"https:\\\/\\\/apollo-13.eu\\\/en\\\/certificate-reisen-fur-alle-barrier-free\\\/\"]}]},{\"@type\":\"ImageObject\",\"inLanguage\":\"en-US\",\"@id\":\"https:\\\/\\\/apollo-13.eu\\\/en\\\/certificate-reisen-fur-alle-barrier-free\\\/#primaryimage\",\"url\":\"https:\\\/\\\/apollo-13.eu\\\/wp-content\\\/uploads\\\/2020\\\/09\\\/barrierefrei_weltraum-atelier_nohfelden.png\",\"contentUrl\":\"https:\\\/\\\/apollo-13.eu\\\/wp-content\\\/uploads\\\/2020\\\/09\\\/barrierefrei_weltraum-atelier_nohfelden.png\"},{\"@type\":\"BreadcrumbList\",\"@id\":\"https:\\\/\\\/apollo-13.eu\\\/en\\\/certificate-reisen-fur-alle-barrier-free\\\/#breadcrumb\",\"itemListElement\":[{\"@type\":\"ListItem\",\"position\":1,\"name\":\"Home\",\"item\":\"https:\\\/\\\/apollo-13.eu\\\/en\\\/startseite_2019\\\/\"},{\"@type\":\"ListItem\",\"position\":2,\"name\":\"Certificate &#8222;Reisen f\u00fcr alle&#8220;. Barrier-free\"}]},{\"@type\":\"WebSite\",\"@id\":\"https:\\\/\\\/apollo-13.eu\\\/en\\\/#website\",\"url\":\"https:\\\/\\\/apollo-13.eu\\\/en\\\/\",\"name\":\"Weltraum-Atelier\",\"description\":\"Den Weltraum mit allen Sinnen erfassen\",\"potentialAction\":[{\"@type\":\"SearchAction\",\"target\":{\"@type\":\"EntryPoint\",\"urlTemplate\":\"https:\\\/\\\/apollo-13.eu\\\/en\\\/?s={search_term_string}\"},\"query-input\":{\"@type\":\"PropertyValueSpecification\",\"valueRequired\":true,\"valueName\":\"search_term_string\"}}],\"inLanguage\":\"en-US\"}]}<\/script>\n<!-- \/ Yoast SEO plugin. -->","yoast_head_json":{"title":"Certificate \"Reisen f\u00fcr alle\". Barrier-free - Weltraum-Atelier","robots":{"index":"index","follow":"follow","max-snippet":"max-snippet:-1","max-image-preview":"max-image-preview:large","max-video-preview":"max-video-preview:-1"},"canonical":"https:\/\/apollo-13.eu\/en\/certificate-reisen-fur-alle-barrier-free\/","schema":{"@context":"https:\/\/schema.org","@graph":[{"@type":"WebPage","@id":"https:\/\/apollo-13.eu\/en\/certificate-reisen-fur-alle-barrier-free\/","url":"https:\/\/apollo-13.eu\/en\/certificate-reisen-fur-alle-barrier-free\/","name":"Certificate \"Reisen f\u00fcr alle\". Barrier-free - Weltraum-Atelier","isPartOf":{"@id":"https:\/\/apollo-13.eu\/en\/#website"},"primaryImageOfPage":{"@id":"https:\/\/apollo-13.eu\/en\/certificate-reisen-fur-alle-barrier-free\/#primaryimage"},"image":{"@id":"https:\/\/apollo-13.eu\/en\/certificate-reisen-fur-alle-barrier-free\/#primaryimage"},"thumbnailUrl":"https:\/\/apollo-13.eu\/wp-content\/uploads\/2020\/09\/barrierefrei_weltraum-atelier_nohfelden.png","datePublished":"2020-09-29T17:07:18+00:00","dateModified":"2024-01-03T13:29:38+00:00","breadcrumb":{"@id":"https:\/\/apollo-13.eu\/en\/certificate-reisen-fur-alle-barrier-free\/#breadcrumb"},"inLanguage":"en-US","potentialAction":[{"@type":"ReadAction","target":["https:\/\/apollo-13.eu\/en\/certificate-reisen-fur-alle-barrier-free\/"]}]},{"@type":"ImageObject","inLanguage":"en-US","@id":"https:\/\/apollo-13.eu\/en\/certificate-reisen-fur-alle-barrier-free\/#primaryimage","url":"https:\/\/apollo-13.eu\/wp-content\/uploads\/2020\/09\/barrierefrei_weltraum-atelier_nohfelden.png","contentUrl":"https:\/\/apollo-13.eu\/wp-content\/uploads\/2020\/09\/barrierefrei_weltraum-atelier_nohfelden.png"},{"@type":"BreadcrumbList","@id":"https:\/\/apollo-13.eu\/en\/certificate-reisen-fur-alle-barrier-free\/#breadcrumb","itemListElement":[{"@type":"ListItem","position":1,"name":"Home","item":"https:\/\/apollo-13.eu\/en\/startseite_2019\/"},{"@type":"ListItem","position":2,"name":"Certificate &#8222;Reisen f\u00fcr alle&#8220;. Barrier-free"}]},{"@type":"WebSite","@id":"https:\/\/apollo-13.eu\/en\/#website","url":"https:\/\/apollo-13.eu\/en\/","name":"Weltraum-Atelier","description":"Den Weltraum mit allen Sinnen erfassen","potentialAction":[{"@type":"SearchAction","target":{"@type":"EntryPoint","urlTemplate":"https:\/\/apollo-13.eu\/en\/?s={search_term_string}"},"query-input":{"@type":"PropertyValueSpecification","valueRequired":true,"valueName":"search_term_string"}}],"inLanguage":"en-US"}]}},"_links":{"self":[{"href":"https:\/\/apollo-13.eu\/en\/wp-json\/wp\/v2\/pages\/5447","targetHints":{"allow":["GET"]}}],"collection":[{"href":"https:\/\/apollo-13.eu\/en\/wp-json\/wp\/v2\/pages"}],"about":[{"href":"https:\/\/apollo-13.eu\/en\/wp-json\/wp\/v2\/types\/page"}],"author":[{"embeddable":true,"href":"https:\/\/apollo-13.eu\/en\/wp-json\/wp\/v2\/users\/2"}],"replies":[{"embeddable":true,"href":"https:\/\/apollo-13.eu\/en\/wp-json\/wp\/v2\/comments?post=5447"}],"version-history":[{"count":0,"href":"https:\/\/apollo-13.eu\/en\/wp-json\/wp\/v2\/pages\/5447\/revisions"}],"wp:attachment":[{"href":"https:\/\/apollo-13.eu\/en\/wp-json\/wp\/v2\/media?parent=5447"}],"wp:term":[{"taxonomy":"category","embeddable":true,"href":"https:\/\/apollo-13.eu\/en\/wp-json\/wp\/v2\/categories?post=5447"},{"taxonomy":"post_tag","embeddable":true,"href":"https:\/\/apollo-13.eu\/en\/wp-json\/wp\/v2\/tags?post=5447"}],"curies":[{"name":"wp","href":"https:\/\/api.w.org\/{rel}","templated":true}]}}